{"id":17,"date":"2024-09-23T21:26:08","date_gmt":"2024-09-23T19:26:08","guid":{"rendered":"https:\/\/homeco24.pl\/?page_id=17"},"modified":"2025-04-25T11:57:25","modified_gmt":"2025-04-25T09:57:25","slug":"oferta","status":"publish","type":"page","link":"https:\/\/homeco24.pl\/?page_id=17","title":{"rendered":"Oferta"},"content":{"rendered":"\n<h1 class=\"wp-block-heading alignfull has-text-align-center has-palette-color-8-color has-text-color has-background has-link-color has-large-font-size wp-elements-05c86dc7f20e871fc31d86113b7729f8\" style=\"background-color:#c5a26b;margin-top:-60px;margin-right:-60px;margin-left:-60px;padding-top:10px;padding-bottom:10px;font-style:normal;font-weight:700\">Pracujemy przez 7 dni. Dzia\u0142amy w ca\u0142ej Polsce.<\/h1>\n\n\n\n<div class=\"wp-block-columns is-layout-flex wp-container-core-columns-is-layout-28f84493 wp-block-columns-is-layout-flex\">\n<div class=\"wp-block-column is-layout-flow wp-block-column-is-layout-flow\" style=\"box-shadow:var(--wp--preset--shadow--natural)\">\n<h2 class=\"wp-block-heading has-text-align-center has-palette-color-8-color has-palette-color-3-background-color has-text-color has-background has-link-color wp-elements-5d22bbc1f71b5753e22e741f36521d2a\" style=\"border-style:none;border-width:0px;border-radius:9px;font-size:clamp(24.034px, 1.502rem + ((1vw - 3.2px) * 1.247), 40px);font-style:normal;font-weight:1000\">OFERTA<\/h2>\n<\/div>\n<\/div>\n\n\n\n<div style=\"height:54px\" aria-hidden=\"true\" class=\"wp-block-spacer\"><\/div>\n\n\n\n<div class=\"wp-block-columns is-layout-flex wp-container-core-columns-is-layout-28f84493 wp-block-columns-is-layout-flex\">\n<div class=\"wp-block-column is-layout-flow wp-block-column-is-layout-flow\" style=\"flex-basis:15%\"><\/div>\n\n\n\n<div class=\"wp-block-column has-palette-color-7-background-color has-background is-layout-flow wp-block-column-is-layout-flow\" style=\"border-width:10px;border-radius:33px;flex-basis:70%\">\n<h2 class=\"wp-block-heading has-text-align-center\" style=\"text-decoration:underline\"><a href=\"https:\/\/homeco24.pl\/?page_id=86\">\u015aWIADECTWO ENERGETYCZNE<\/a><\/h2>\n<\/div>\n\n\n\n<div class=\"wp-block-column is-layout-flow wp-block-column-is-layout-flow\" style=\"flex-basis:15%\"><\/div>\n<\/div>\n\n\n\n<hr class=\"wp-block-separator has-alpha-channel-opacity\"\/>\n\n\n\n<div class=\"wp-block-columns is-layout-flex wp-container-core-columns-is-layout-28f84493 wp-block-columns-is-layout-flex\">\n<div class=\"wp-block-column is-layout-flow wp-block-column-is-layout-flow\" style=\"flex-basis:15%\"><\/div>\n\n\n\n<div class=\"wp-block-column has-palette-color-7-background-color has-background is-layout-flow wp-block-column-is-layout-flow\" style=\"border-width:10px;border-radius:33px;flex-basis:70%\">\n<h2 class=\"wp-block-heading has-text-align-center\" style=\"text-decoration:underline\"><a href=\"https:\/\/homeco24.pl\/?page_id=88\">AUDYT ENERGETYCZNY<\/a><\/h2>\n<\/div>\n\n\n\n<div class=\"wp-block-column is-layout-flow wp-block-column-is-layout-flow\" style=\"flex-basis:15%\"><\/div>\n<\/div>\n\n\n\n<hr class=\"wp-block-separator has-alpha-channel-opacity\"\/>\n\n\n\n<div class=\"wp-block-columns is-layout-flex wp-container-core-columns-is-layout-28f84493 wp-block-columns-is-layout-flex\">\n<div class=\"wp-block-column is-layout-flow wp-block-column-is-layout-flow\" style=\"flex-basis:15%\"><\/div>\n\n\n\n<div class=\"wp-block-column has-palette-color-7-background-color has-background is-layout-flow wp-block-column-is-layout-flow\" style=\"border-width:10px;border-radius:33px;flex-basis:70%\">\n<h2 class=\"wp-block-heading has-text-align-center\" style=\"text-decoration:underline\"><a href=\"https:\/\/homeco24.pl\/?page_id=90\">BADANIE TERMOWIZYJNE<\/a><\/h2>\n<\/div>\n\n\n\n<div class=\"wp-block-column is-layout-flow wp-block-column-is-layout-flow\" style=\"flex-basis:15%\"><\/div>\n<\/div>\n\n\n\n<hr class=\"wp-block-separator has-alpha-channel-opacity\"\/>\n\n\n\n<div class=\"wp-block-columns is-layout-flex wp-container-core-columns-is-layout-28f84493 wp-block-columns-is-layout-flex\">\n<div class=\"wp-block-column is-layout-flow wp-block-column-is-layout-flow\" style=\"flex-basis:15%\"><\/div>\n\n\n\n<div class=\"wp-block-column has-palette-color-7-background-color has-background is-layout-flow wp-block-column-is-layout-flow\" style=\"border-width:10px;border-radius:33px;flex-basis:70%\">\n<h2 class=\"wp-block-heading has-text-align-center\" style=\"text-decoration:underline\"><a href=\"https:\/\/homeco24.pl\/?page_id=92\">AUDYT REMONTOWY<\/a><\/h2>\n<\/div>\n\n\n\n<div class=\"wp-block-column is-layout-flow wp-block-column-is-layout-flow\" style=\"flex-basis:15%\"><\/div>\n<\/div>\n\n\n\n<div style=\"height:24px\" aria-hidden=\"true\" class=\"wp-block-spacer\"><\/div>\n\n\n\n<hr class=\"wp-block-separator has-text-color has-palette-color-3-color has-alpha-channel-opacity has-palette-color-3-background-color has-background is-style-wide\"\/>\n\n\n\n<h2 class=\"wp-block-heading has-text-align-center has-x-large-font-size\"><strong>+48 786 130 886<\/strong><br><a href=\"mailto:biuro@homeco24.pl\">biuro@homeco24.pl<\/a><\/h2>\n\n\n\n<p><\/p>\n","protected":false},"excerpt":{"rendered":"<p>Pracujemy przez 7 dni. Dzia\u0142amy w ca\u0142ej Polsce. OFERTA \u015aWIADECTWO ENERGETYCZNE AUDYT ENERGETYCZNY BADANIE TERMOWIZYJNE AUDYT REMONTOWY +48 786 130 886biuro@homeco24.pl<\/p>\n","protected":false},"author":1,"featured_media":0,"parent":0,"menu_order":0,"comment_status":"closed","ping_status":"closed","template":"","meta":{"_editorskit_title_hidden":false,"_editorskit_reading_time":0,"_editorskit_is_block_options_detached":false,"_editorskit_block_options_position":"{}","footnotes":""},"class_list":["post-17","page","type-page","status-publish","hentry"],"blocksy_meta":{"has_hero_section":"disabled","styles_descriptor":{"styles":{"desktop":"","tablet":"","mobile":""},"google_fonts":[],"version":6}},"yoast_head":"<!-- This site is optimized with the Yoast SEO plugin v23.3 - https:\/\/yoast.com\/wordpress\/plugins\/seo\/ -->\n<title>Oferta - homeco24<\/title>\n<meta name=\"robots\" content=\"index, follow, max-snippet:-1, max-image-preview:large, max-video-preview:-1\" \/>\n<link rel=\"canonical\" href=\"https:\/\/homeco24.pl\/?page_id=17\" \/>\n<meta property=\"og:locale\" content=\"pl_PL\" \/>\n<meta property=\"og:type\" content=\"article\" \/>\n<meta property=\"og:title\" content=\"Oferta - homeco24\" \/>\n<meta property=\"og:description\" content=\"Pracujemy przez 7 dni. Dzia\u0142amy w ca\u0142ej Polsce. OFERTA \u015aWIADECTWO ENERGETYCZNE AUDYT ENERGETYCZNY BADANIE TERMOWIZYJNE AUDYT REMONTOWY +48 786 130 886biuro@homeco24.pl\" \/>\n<meta property=\"og:url\" content=\"https:\/\/homeco24.pl\/?page_id=17\" \/>\n<meta property=\"og:site_name\" content=\"homeco24\" \/>\n<meta property=\"article:modified_time\" content=\"2025-04-25T09:57:25+00:00\" \/>\n<meta name=\"twitter:card\" content=\"summary_large_image\" \/>\n<meta name=\"twitter:label1\" content=\"Szacowany czas czytania\" \/>\n\t<meta name=\"twitter:data1\" content=\"1 minuta\" \/>\n<script type=\"application\/ld+json\" class=\"yoast-schema-graph\">{\"@context\":\"https:\/\/schema.org\",\"@graph\":[{\"@type\":\"WebPage\",\"@id\":\"https:\/\/homeco24.pl\/?page_id=17\",\"url\":\"https:\/\/homeco24.pl\/?page_id=17\",\"name\":\"Oferta - homeco24\",\"isPartOf\":{\"@id\":\"https:\/\/homeco24.pl\/#website\"},\"datePublished\":\"2024-09-23T19:26:08+00:00\",\"dateModified\":\"2025-04-25T09:57:25+00:00\",\"breadcrumb\":{\"@id\":\"https:\/\/homeco24.pl\/?page_id=17#breadcrumb\"},\"inLanguage\":\"pl-PL\",\"potentialAction\":[{\"@type\":\"ReadAction\",\"target\":[\"https:\/\/homeco24.pl\/?page_id=17\"]}]},{\"@type\":\"BreadcrumbList\",\"@id\":\"https:\/\/homeco24.pl\/?page_id=17#breadcrumb\",\"itemListElement\":[{\"@type\":\"ListItem\",\"position\":1,\"name\":\"Home\",\"item\":\"https:\/\/homeco24.pl\/\"},{\"@type\":\"ListItem\",\"position\":2,\"name\":\"Oferta\"}]},{\"@type\":\"WebSite\",\"@id\":\"https:\/\/homeco24.pl\/#website\",\"url\":\"https:\/\/homeco24.pl\/\",\"name\":\"homeco24\",\"description\":\"\u015awiadectwo energetyczne w 24h!\",\"publisher\":{\"@id\":\"https:\/\/homeco24.pl\/#organization\"},\"potentialAction\":[{\"@type\":\"SearchAction\",\"target\":{\"@type\":\"EntryPoint\",\"urlTemplate\":\"https:\/\/homeco24.pl\/?s={search_term_string}\"},\"query-input\":\"required name=search_term_string\"}],\"inLanguage\":\"pl-PL\"},{\"@type\":\"Organization\",\"@id\":\"https:\/\/homeco24.pl\/#organization\",\"name\":\"homeco24\",\"url\":\"https:\/\/homeco24.pl\/\",\"logo\":{\"@type\":\"ImageObject\",\"inLanguage\":\"pl-PL\",\"@id\":\"https:\/\/homeco24.pl\/#\/schema\/logo\/image\/\",\"url\":\"https:\/\/homeco24.pl\/wp-content\/uploads\/2024\/09\/cropped-logo.jpg\",\"contentUrl\":\"https:\/\/homeco24.pl\/wp-content\/uploads\/2024\/09\/cropped-logo.jpg\",\"width\":512,\"height\":512,\"caption\":\"homeco24\"},\"image\":{\"@id\":\"https:\/\/homeco24.pl\/#\/schema\/logo\/image\/\"}}]}<\/script>\n<!-- \/ Yoast SEO plugin. -->","yoast_head_json":{"title":"Oferta - homeco24","robots":{"index":"index","follow":"follow","max-snippet":"max-snippet:-1","max-image-preview":"max-image-preview:large","max-video-preview":"max-video-preview:-1"},"canonical":"https:\/\/homeco24.pl\/?page_id=17","og_locale":"pl_PL","og_type":"article","og_title":"Oferta - homeco24","og_description":"Pracujemy przez 7 dni. Dzia\u0142amy w ca\u0142ej Polsce. OFERTA \u015aWIADECTWO ENERGETYCZNE AUDYT ENERGETYCZNY BADANIE TERMOWIZYJNE AUDYT REMONTOWY +48 786 130 886biuro@homeco24.pl","og_url":"https:\/\/homeco24.pl\/?page_id=17","og_site_name":"homeco24","article_modified_time":"2025-04-25T09:57:25+00:00","twitter_card":"summary_large_image","twitter_misc":{"Szacowany czas czytania":"1 minuta"},"schema":{"@context":"https:\/\/schema.org","@graph":[{"@type":"WebPage","@id":"https:\/\/homeco24.pl\/?page_id=17","url":"https:\/\/homeco24.pl\/?page_id=17","name":"Oferta - homeco24","isPartOf":{"@id":"https:\/\/homeco24.pl\/#website"},"datePublished":"2024-09-23T19:26:08+00:00","dateModified":"2025-04-25T09:57:25+00:00","breadcrumb":{"@id":"https:\/\/homeco24.pl\/?page_id=17#breadcrumb"},"inLanguage":"pl-PL","potentialAction":[{"@type":"ReadAction","target":["https:\/\/homeco24.pl\/?page_id=17"]}]},{"@type":"BreadcrumbList","@id":"https:\/\/homeco24.pl\/?page_id=17#breadcrumb","itemListElement":[{"@type":"ListItem","position":1,"name":"Home","item":"https:\/\/homeco24.pl\/"},{"@type":"ListItem","position":2,"name":"Oferta"}]},{"@type":"WebSite","@id":"https:\/\/homeco24.pl\/#website","url":"https:\/\/homeco24.pl\/","name":"homeco24","description":"\u015awiadectwo energetyczne w 24h!","publisher":{"@id":"https:\/\/homeco24.pl\/#organization"},"potentialAction":[{"@type":"SearchAction","target":{"@type":"EntryPoint","urlTemplate":"https:\/\/homeco24.pl\/?s={search_term_string}"},"query-input":"required name=search_term_string"}],"inLanguage":"pl-PL"},{"@type":"Organization","@id":"https:\/\/homeco24.pl\/#organization","name":"homeco24","url":"https:\/\/homeco24.pl\/","logo":{"@type":"ImageObject","inLanguage":"pl-PL","@id":"https:\/\/homeco24.pl\/#\/schema\/logo\/image\/","url":"https:\/\/homeco24.pl\/wp-content\/uploads\/2024\/09\/cropped-logo.jpg","contentUrl":"https:\/\/homeco24.pl\/wp-content\/uploads\/2024\/09\/cropped-logo.jpg","width":512,"height":512,"caption":"homeco24"},"image":{"@id":"https:\/\/homeco24.pl\/#\/schema\/logo\/image\/"}}]}},"_links":{"self":[{"href":"https:\/\/homeco24.pl\/index.php?rest_route=\/wp\/v2\/pages\/17","targetHints":{"allow":["GET"]}}],"collection":[{"href":"https:\/\/homeco24.pl\/index.php?rest_route=\/wp\/v2\/pages"}],"about":[{"href":"https:\/\/homeco24.pl\/index.php?rest_route=\/wp\/v2\/types\/page"}],"author":[{"embeddable":true,"href":"https:\/\/homeco24.pl\/index.php?rest_route=\/wp\/v2\/users\/1"}],"replies":[{"embeddable":true,"href":"https:\/\/homeco24.pl\/index.php?rest_route=%2Fwp%2Fv2%2Fcomments&post=17"}],"version-history":[{"count":16,"href":"https:\/\/homeco24.pl\/index.php?rest_route=\/wp\/v2\/pages\/17\/revisions"}],"predecessor-version":[{"id":619,"href":"https:\/\/homeco24.pl\/index.php?rest_route=\/wp\/v2\/pages\/17\/revisions\/619"}],"wp:attachment":[{"href":"https:\/\/homeco24.pl\/index.php?rest_route=%2Fwp%2Fv2%2Fmedia&parent=17"}],"curies":[{"name":"wp","href":"https:\/\/api.w.org\/{rel}","templated":true}]}}