{"id":21,"date":"2024-09-23T21:26:08","date_gmt":"2024-09-23T19:26:08","guid":{"rendered":"https:\/\/homeco24.pl\/?page_id=21"},"modified":"2025-04-25T13:01:18","modified_gmt":"2025-04-25T11:01:18","slug":"kontakt","status":"publish","type":"page","link":"https:\/\/homeco24.pl\/?page_id=21","title":{"rendered":"Kontakt"},"content":{"rendered":"\n<div class=\"wp-block-columns is-layout-flex wp-container-core-columns-is-layout-28f84493 wp-block-columns-is-layout-flex\">\n<div class=\"wp-block-column is-layout-flow wp-block-column-is-layout-flow\">\n<h1 class=\"wp-block-heading alignfull has-text-align-center has-palette-color-8-color has-text-color has-background has-link-color has-large-font-size wp-elements-892bc75a17ad6f7eaf837f7c7a02a98d\" style=\"background-color:#c5a26b;margin-top:-60px;margin-right:-60px;margin-left:-60px;padding-top:10px;padding-bottom:10px;font-style:normal;font-weight:700\">Pracujemy przez 7 dni. Dzia\u0142amy w ca\u0142ej Polsce.<\/h1>\n\n\n\n<h2 class=\"wp-block-heading has-text-align-center has-palette-color-8-color has-palette-color-3-background-color has-text-color has-background has-link-color wp-elements-e7089f1976225c83f0e3cf34a72a11b9\" style=\"border-style:none;border-width:0px;border-radius:9px;font-size:clamp(24.034px, 1.502rem + ((1vw - 3.2px) * 1.247), 40px);font-style:normal;font-weight:1000\">Nasze us\u0142ugi to co\u015b czego potrzebujesz?<br>Odezwij si\u0119 do nas!<\/h2>\n<\/div>\n<\/div>\n\n\n\n<div class=\"wp-block-columns is-layout-flex wp-container-core-columns-is-layout-28f84493 wp-block-columns-is-layout-flex\">\n<div class=\"wp-block-column is-layout-flow wp-block-column-is-layout-flow\" style=\"flex-basis:33.33%\">\n<h2 class=\"wp-block-heading\">Dane kontaktowe:<\/h2>\n\n\n\n<p class=\"has-text-align-left has-palette-color-7-color has-text-color has-link-color has-large-font-size wp-elements-6c4db7ad853891ba20cb47a88da1f5e9\">tel.<strong> 786 130 886<br><\/strong>@: <strong><a href=\"mailto:biuro@homeco24.pl\">biuro@homeco24.pl<\/a><\/strong><\/p>\n\n\n\n<figure class=\"wp-block-image alignleft size-full is-resized\"><img fetchpriority=\"high\" decoding=\"async\" width=\"850\" height=\"680\" src=\"https:\/\/homeco24.pl\/wp-content\/uploads\/2025\/02\/logo.jpg\" alt=\"\" class=\"wp-image-306\" style=\"width:258px;height:auto\" srcset=\"https:\/\/homeco24.pl\/wp-content\/uploads\/2025\/02\/logo.jpg 850w, https:\/\/homeco24.pl\/wp-content\/uploads\/2025\/02\/logo-300x240.jpg 300w, https:\/\/homeco24.pl\/wp-content\/uploads\/2025\/02\/logo-768x614.jpg 768w\" sizes=\"(max-width: 850px) 100vw, 850px\" \/><\/figure>\n<\/div>\n\n\n\n<div class=\"wp-block-column is-layout-flow wp-block-column-is-layout-flow\" style=\"border-left-color:var(--wp--preset--color--palette-color-4)\"><\/div>\n\n\n\n<div class=\"wp-block-column is-layout-flow wp-block-column-is-layout-flow\" style=\"flex-basis:66.66%\">\n<h2 class=\"wp-block-heading\">Napisz do nas:<\/h2>\n\n\n<style id=\"wpforms-css-vars-362-block-7af27710-7131-4c64-a015-f983bc557974\">\n\t\t\t\t#wpforms-362.wpforms-block-7af27710-7131-4c64-a015-f983bc557974 {\n\t\t\t\t--wpforms-button-background-color: var(--theme-palette-color-3, #365951);\n--wpforms-field-size-input-height: 43px;\n--wpforms-field-size-input-spacing: 15px;\n--wpforms-field-size-font-size: 16px;\n--wpforms-field-size-line-height: 19px;\n--wpforms-field-size-padding-h: 14px;\n--wpforms-field-size-checkbox-size: 16px;\n--wpforms-field-size-sublabel-spacing: 5px;\n--wpforms-field-size-icon-size: 1;\n--wpforms-label-size-font-size: 16px;\n--wpforms-label-size-line-height: 19px;\n--wpforms-label-size-sublabel-font-size: 14px;\n--wpforms-label-size-sublabel-line-height: 17px;\n--wpforms-button-size-font-size: 17px;\n--wpforms-button-size-height: 41px;\n--wpforms-button-size-padding-h: 15px;\n--wpforms-button-size-margin-top: 10px;\n\n\t\t\t}\n\t\t\t<\/style><div class=\"wpforms-container wpforms-container-full wpforms-block wpforms-block-7af27710-7131-4c64-a015-f983bc557974 wpforms-render-modern\" id=\"wpforms-362\"><form id=\"wpforms-form-362\" class=\"wpforms-validate wpforms-form wpforms-ajax-form\" data-formid=\"362\" method=\"post\" enctype=\"multipart\/form-data\" action=\"\/index.php?rest_route=%2Fwp%2Fv2%2Fpages%2F21\" data-token=\"b5da3b39a1d53bf598184cbfefcdef91\" data-token-time=\"1776424985\"><noscript class=\"wpforms-error-noscript\">Aby wype\u0142ni\u0107 ten formularz, w\u0142\u0105cz obs\u0142ug\u0119 JavaScript w przegl\u0105darce.<\/noscript><div class=\"wpforms-hidden\" id=\"wpforms-error-noscript\">Aby wype\u0142ni\u0107 ten formularz, w\u0142\u0105cz obs\u0142ug\u0119 JavaScript w przegl\u0105darce.<\/div><div class=\"wpforms-field-container\"><div id=\"wpforms-362-field_0-container\" class=\"wpforms-field wpforms-field-name\" data-field-id=\"0\"><fieldset><legend class=\"wpforms-field-label\">Imi\u0119 i nazwisko <span class=\"wpforms-required-label\" aria-hidden=\"true\">*<\/span><\/legend><div class=\"wpforms-field-row wpforms-field-large\"><div class=\"wpforms-field-row-block wpforms-first wpforms-one-half\"><input type=\"text\" id=\"wpforms-362-field_0\" class=\"wpforms-field-name-first wpforms-field-required\" name=\"wpforms[fields][0][first]\" placeholder=\"Tu wpisz swoje imi\u0119\" aria-errormessage=\"wpforms-362-field_0-error\" required><label for=\"wpforms-362-field_0\" class=\"wpforms-field-sublabel after wpforms-sublabel-hide\">Imi\u0119<\/label><\/div><div class=\"wpforms-field-row-block wpforms-one-half\"><input type=\"text\" id=\"wpforms-362-field_0-last\" class=\"wpforms-field-name-last wpforms-field-required\" name=\"wpforms[fields][0][last]\" placeholder=\"Tu wpisz swoje nazwisko\" aria-errormessage=\"wpforms-362-field_0-last-error\" required><label for=\"wpforms-362-field_0-last\" class=\"wpforms-field-sublabel after wpforms-sublabel-hide\">Nazwisko<\/label><\/div><\/div><\/fieldset><\/div><div id=\"wpforms-362-field_10-container\" class=\"wpforms-field wpforms-field-text\" data-field-id=\"10\"><label class=\"wpforms-field-label\" for=\"wpforms-362-field_10\">Telefon kontaktowy <span class=\"wpforms-required-label\" aria-hidden=\"true\">*<\/span><\/label><input type=\"text\" id=\"wpforms-362-field_10\" class=\"wpforms-field-medium wpforms-field-required\" name=\"wpforms[fields][10]\" placeholder=\"Tu wpisz numer kontaktowy\" aria-errormessage=\"wpforms-362-field_10-error\" required><\/div><div id=\"wpforms-362-field_1-container\" class=\"wpforms-field wpforms-field-email\" data-field-id=\"1\"><label class=\"wpforms-field-label\" for=\"wpforms-362-field_1\">Email <span class=\"wpforms-required-label\" aria-hidden=\"true\">*<\/span><\/label><input type=\"email\" id=\"wpforms-362-field_1\" class=\"wpforms-field-medium wpforms-field-required\" name=\"wpforms[fields][1]\" placeholder=\"Tu wpisz sw\u00f3j e-mail\" spellcheck=\"false\" aria-errormessage=\"wpforms-362-field_1-error\" required><\/div><div id=\"wpforms-362-field_8-container\" class=\"wpforms-field wpforms-field-select wpforms-field-select-style-classic\" data-field-id=\"8\"><label class=\"wpforms-field-label\" for=\"wpforms-362-field_8\">Temat <span class=\"wpforms-required-label\" aria-hidden=\"true\">*<\/span><\/label><select id=\"wpforms-362-field_8\" class=\"wpforms-field-medium wpforms-field-required\" name=\"wpforms[fields][8]\" required=\"required\"><option value=\"\u015awiadectwo energetyczne\" >\u015awiadectwo energetyczne<\/option><option value=\"Audyt energetyczny\" >Audyt energetyczny<\/option><option value=\"Badania termowizyjne\"  selected='selected'>Badania termowizyjne<\/option><option value=\"Audyt remontowy\" >Audyt remontowy<\/option><option value=\"Inny temat\" >Inny temat<\/option><\/select><\/div><div id=\"wpforms-362-field_3-container\" class=\"wpforms-field wpforms-field-textarea\" data-field-id=\"3\"><label class=\"wpforms-field-label\" for=\"wpforms-362-field_3\">Tre\u015b\u0107 wiadomo\u015bci <span class=\"wpforms-required-label\" aria-hidden=\"true\">*<\/span><\/label><textarea id=\"wpforms-362-field_3\" class=\"wpforms-field-medium wpforms-field-required\" name=\"wpforms[fields][3]\" placeholder=\"Tu napisz swoj\u0105 wiadomo\u015b\u0107...\" aria-errormessage=\"wpforms-362-field_3-error\" required><\/textarea><\/div><div id=\"wpforms-362-field_9-container\" class=\"wpforms-field wpforms-field-checkbox\" data-field-id=\"9\"><fieldset><legend class=\"wpforms-field-label\"><\/legend><ul id=\"wpforms-362-field_9\"><li class=\"choice-1 depth-1\"><input type=\"checkbox\" id=\"wpforms-362-field_9_1\" name=\"wpforms[fields][9][]\" value=\"Wyra\u017cam zgod\u0119 na przetwarzanie moich danych osobowych.\" aria-errormessage=\"wpforms-362-field_9_1-error\"  ><label class=\"wpforms-field-label-inline\" for=\"wpforms-362-field_9_1\">Wyra\u017cam zgod\u0119 na przetwarzanie moich danych osobowych.<\/label><\/li><\/ul><\/fieldset><\/div><\/div><!-- .wpforms-field-container --><div class=\"wpforms-submit-container\" ><input type=\"hidden\" name=\"wpforms[id]\" value=\"362\"><input type=\"hidden\" name=\"page_title\" value=\"\"><input type=\"hidden\" name=\"page_url\" value=\"https:\/\/homeco24.pl\/index.php?rest_route=\/wp\/v2\/pages\/21\"><input type=\"hidden\" name=\"url_referer\" value=\"\"><button type=\"submit\" name=\"wpforms[submit]\" id=\"wpforms-submit-362\" class=\"wpforms-submit\" data-alt-text=\"Wysy\u0142anie...\" data-submit-text=\"Wy\u015blij\" aria-live=\"assertive\" value=\"wpforms-submit\">Wy\u015blij<\/button><img decoding=\"async\" src=\"https:\/\/homeco24.pl\/wp-content\/plugins\/wpforms-lite\/assets\/images\/submit-spin.svg\" class=\"wpforms-submit-spinner\" style=\"display: none;\" width=\"26\" height=\"26\" alt=\"Wczytywanie\"><\/div><\/form><\/div>  <!-- .wpforms-container --><\/div>\n<\/div>\n\n\n\n<p><\/p>\n\n\n\n<p><\/p>\n","protected":false},"excerpt":{"rendered":"<p>Pracujemy przez 7 dni. Dzia\u0142amy w ca\u0142ej Polsce. Nasze us\u0142ugi to co\u015b czego potrzebujesz?Odezwij si\u0119 do nas! Dane kontaktowe: tel. 786 130 886@: biuro@homeco24.pl Napisz do nas:<\/p>\n","protected":false},"author":1,"featured_media":0,"parent":0,"menu_order":0,"comment_status":"closed","ping_status":"closed","template":"","meta":{"_editorskit_title_hidden":false,"_editorskit_reading_time":0,"_editorskit_is_block_options_detached":false,"_editorskit_block_options_position":"{}","footnotes":""},"class_list":["post-21","page","type-page","status-publish","hentry"],"blocksy_meta":{"has_hero_section":"disabled","styles_descriptor":{"styles":{"desktop":"","tablet":"","mobile":""},"google_fonts":[],"version":6}},"yoast_head":"<!-- This site is optimized with the Yoast SEO plugin v23.3 - https:\/\/yoast.com\/wordpress\/plugins\/seo\/ -->\n<title>Kontakt - homeco24<\/title>\n<meta name=\"robots\" content=\"index, follow, max-snippet:-1, max-image-preview:large, max-video-preview:-1\" \/>\n<link rel=\"canonical\" href=\"https:\/\/homeco24.pl\/?page_id=21\" \/>\n<meta property=\"og:locale\" content=\"pl_PL\" \/>\n<meta property=\"og:type\" content=\"article\" \/>\n<meta property=\"og:title\" content=\"Kontakt - homeco24\" \/>\n<meta property=\"og:description\" content=\"Pracujemy przez 7 dni. Dzia\u0142amy w ca\u0142ej Polsce. Nasze us\u0142ugi to co\u015b czego potrzebujesz?Odezwij si\u0119 do nas! Dane kontaktowe: tel. 786 130 886@: biuro@homeco24.pl Napisz do nas:\" \/>\n<meta property=\"og:url\" content=\"https:\/\/homeco24.pl\/?page_id=21\" \/>\n<meta property=\"og:site_name\" content=\"homeco24\" \/>\n<meta property=\"article:modified_time\" content=\"2025-04-25T11:01:18+00:00\" \/>\n<meta property=\"og:image\" content=\"https:\/\/homeco24.pl\/wp-content\/uploads\/2025\/02\/logo.jpg\" \/>\n<meta name=\"twitter:card\" content=\"summary_large_image\" \/>\n<meta name=\"twitter:label1\" content=\"Szacowany czas czytania\" \/>\n\t<meta name=\"twitter:data1\" content=\"1 minuta\" \/>\n<script type=\"application\/ld+json\" class=\"yoast-schema-graph\">{\"@context\":\"https:\/\/schema.org\",\"@graph\":[{\"@type\":\"WebPage\",\"@id\":\"https:\/\/homeco24.pl\/?page_id=21\",\"url\":\"https:\/\/homeco24.pl\/?page_id=21\",\"name\":\"Kontakt - homeco24\",\"isPartOf\":{\"@id\":\"https:\/\/homeco24.pl\/#website\"},\"primaryImageOfPage\":{\"@id\":\"https:\/\/homeco24.pl\/?page_id=21#primaryimage\"},\"image\":{\"@id\":\"https:\/\/homeco24.pl\/?page_id=21#primaryimage\"},\"thumbnailUrl\":\"https:\/\/homeco24.pl\/wp-content\/uploads\/2025\/02\/logo.jpg\",\"datePublished\":\"2024-09-23T19:26:08+00:00\",\"dateModified\":\"2025-04-25T11:01:18+00:00\",\"breadcrumb\":{\"@id\":\"https:\/\/homeco24.pl\/?page_id=21#breadcrumb\"},\"inLanguage\":\"pl-PL\",\"potentialAction\":[{\"@type\":\"ReadAction\",\"target\":[\"https:\/\/homeco24.pl\/?page_id=21\"]}]},{\"@type\":\"ImageObject\",\"inLanguage\":\"pl-PL\",\"@id\":\"https:\/\/homeco24.pl\/?page_id=21#primaryimage\",\"url\":\"https:\/\/homeco24.pl\/wp-content\/uploads\/2025\/02\/logo.jpg\",\"contentUrl\":\"https:\/\/homeco24.pl\/wp-content\/uploads\/2025\/02\/logo.jpg\",\"width\":850,\"height\":680},{\"@type\":\"BreadcrumbList\",\"@id\":\"https:\/\/homeco24.pl\/?page_id=21#breadcrumb\",\"itemListElement\":[{\"@type\":\"ListItem\",\"position\":1,\"name\":\"Home\",\"item\":\"https:\/\/homeco24.pl\/\"},{\"@type\":\"ListItem\",\"position\":2,\"name\":\"Kontakt\"}]},{\"@type\":\"WebSite\",\"@id\":\"https:\/\/homeco24.pl\/#website\",\"url\":\"https:\/\/homeco24.pl\/\",\"name\":\"homeco24\",\"description\":\"\u015awiadectwo energetyczne w 24h!\",\"publisher\":{\"@id\":\"https:\/\/homeco24.pl\/#organization\"},\"potentialAction\":[{\"@type\":\"SearchAction\",\"target\":{\"@type\":\"EntryPoint\",\"urlTemplate\":\"https:\/\/homeco24.pl\/?s={search_term_string}\"},\"query-input\":\"required name=search_term_string\"}],\"inLanguage\":\"pl-PL\"},{\"@type\":\"Organization\",\"@id\":\"https:\/\/homeco24.pl\/#organization\",\"name\":\"homeco24\",\"url\":\"https:\/\/homeco24.pl\/\",\"logo\":{\"@type\":\"ImageObject\",\"inLanguage\":\"pl-PL\",\"@id\":\"https:\/\/homeco24.pl\/#\/schema\/logo\/image\/\",\"url\":\"https:\/\/homeco24.pl\/wp-content\/uploads\/2024\/09\/cropped-logo.jpg\",\"contentUrl\":\"https:\/\/homeco24.pl\/wp-content\/uploads\/2024\/09\/cropped-logo.jpg\",\"width\":512,\"height\":512,\"caption\":\"homeco24\"},\"image\":{\"@id\":\"https:\/\/homeco24.pl\/#\/schema\/logo\/image\/\"}}]}<\/script>\n<!-- \/ Yoast SEO plugin. -->","yoast_head_json":{"title":"Kontakt - homeco24","robots":{"index":"index","follow":"follow","max-snippet":"max-snippet:-1","max-image-preview":"max-image-preview:large","max-video-preview":"max-video-preview:-1"},"canonical":"https:\/\/homeco24.pl\/?page_id=21","og_locale":"pl_PL","og_type":"article","og_title":"Kontakt - homeco24","og_description":"Pracujemy przez 7 dni. Dzia\u0142amy w ca\u0142ej Polsce. Nasze us\u0142ugi to co\u015b czego potrzebujesz?Odezwij si\u0119 do nas! Dane kontaktowe: tel. 786 130 886@: biuro@homeco24.pl Napisz do nas:","og_url":"https:\/\/homeco24.pl\/?page_id=21","og_site_name":"homeco24","article_modified_time":"2025-04-25T11:01:18+00:00","og_image":[{"url":"https:\/\/homeco24.pl\/wp-content\/uploads\/2025\/02\/logo.jpg"}],"twitter_card":"summary_large_image","twitter_misc":{"Szacowany czas czytania":"1 minuta"},"schema":{"@context":"https:\/\/schema.org","@graph":[{"@type":"WebPage","@id":"https:\/\/homeco24.pl\/?page_id=21","url":"https:\/\/homeco24.pl\/?page_id=21","name":"Kontakt - homeco24","isPartOf":{"@id":"https:\/\/homeco24.pl\/#website"},"primaryImageOfPage":{"@id":"https:\/\/homeco24.pl\/?page_id=21#primaryimage"},"image":{"@id":"https:\/\/homeco24.pl\/?page_id=21#primaryimage"},"thumbnailUrl":"https:\/\/homeco24.pl\/wp-content\/uploads\/2025\/02\/logo.jpg","datePublished":"2024-09-23T19:26:08+00:00","dateModified":"2025-04-25T11:01:18+00:00","breadcrumb":{"@id":"https:\/\/homeco24.pl\/?page_id=21#breadcrumb"},"inLanguage":"pl-PL","potentialAction":[{"@type":"ReadAction","target":["https:\/\/homeco24.pl\/?page_id=21"]}]},{"@type":"ImageObject","inLanguage":"pl-PL","@id":"https:\/\/homeco24.pl\/?page_id=21#primaryimage","url":"https:\/\/homeco24.pl\/wp-content\/uploads\/2025\/02\/logo.jpg","contentUrl":"https:\/\/homeco24.pl\/wp-content\/uploads\/2025\/02\/logo.jpg","width":850,"height":680},{"@type":"BreadcrumbList","@id":"https:\/\/homeco24.pl\/?page_id=21#breadcrumb","itemListElement":[{"@type":"ListItem","position":1,"name":"Home","item":"https:\/\/homeco24.pl\/"},{"@type":"ListItem","position":2,"name":"Kontakt"}]},{"@type":"WebSite","@id":"https:\/\/homeco24.pl\/#website","url":"https:\/\/homeco24.pl\/","name":"homeco24","description":"\u015awiadectwo energetyczne w 24h!","publisher":{"@id":"https:\/\/homeco24.pl\/#organization"},"potentialAction":[{"@type":"SearchAction","target":{"@type":"EntryPoint","urlTemplate":"https:\/\/homeco24.pl\/?s={search_term_string}"},"query-input":"required name=search_term_string"}],"inLanguage":"pl-PL"},{"@type":"Organization","@id":"https:\/\/homeco24.pl\/#organization","name":"homeco24","url":"https:\/\/homeco24.pl\/","logo":{"@type":"ImageObject","inLanguage":"pl-PL","@id":"https:\/\/homeco24.pl\/#\/schema\/logo\/image\/","url":"https:\/\/homeco24.pl\/wp-content\/uploads\/2024\/09\/cropped-logo.jpg","contentUrl":"https:\/\/homeco24.pl\/wp-content\/uploads\/2024\/09\/cropped-logo.jpg","width":512,"height":512,"caption":"homeco24"},"image":{"@id":"https:\/\/homeco24.pl\/#\/schema\/logo\/image\/"}}]}},"_links":{"self":[{"href":"https:\/\/homeco24.pl\/index.php?rest_route=\/wp\/v2\/pages\/21","targetHints":{"allow":["GET"]}}],"collection":[{"href":"https:\/\/homeco24.pl\/index.php?rest_route=\/wp\/v2\/pages"}],"about":[{"href":"https:\/\/homeco24.pl\/index.php?rest_route=\/wp\/v2\/types\/page"}],"author":[{"embeddable":true,"href":"https:\/\/homeco24.pl\/index.php?rest_route=\/wp\/v2\/users\/1"}],"replies":[{"embeddable":true,"href":"https:\/\/homeco24.pl\/index.php?rest_route=%2Fwp%2Fv2%2Fcomments&post=21"}],"version-history":[{"count":26,"href":"https:\/\/homeco24.pl\/index.php?rest_route=\/wp\/v2\/pages\/21\/revisions"}],"predecessor-version":[{"id":673,"href":"https:\/\/homeco24.pl\/index.php?rest_route=\/wp\/v2\/pages\/21\/revisions\/673"}],"wp:attachment":[{"href":"https:\/\/homeco24.pl\/index.php?rest_route=%2Fwp%2Fv2%2Fmedia&parent=21"}],"curies":[{"name":"wp","href":"https:\/\/api.w.org\/{rel}","templated":true}]}}